{"id":17,"date":"2019-05-08T13:25:00","date_gmt":"2019-05-08T13:25:00","guid":{"rendered":"https:\/\/festivalficcion.com\/ediciones-anteriores\/?page_id=17"},"modified":"2021-09-29T09:01:47","modified_gmt":"2021-09-29T09:01:47","slug":"palmares-ficee-2018","status":"publish","type":"page","link":"https:\/\/festivalficcion.com\/ediciones-anteriores\/ediciones-anteriores\/palmares-ficee-2018","title":{"rendered":"Palmar\u00e9s Ficee 2018"},"content":{"rendered":"\t\t<div data-elementor-type=\"wp-page\" data-elementor-id=\"17\" class=\"elementor elementor-17\" data-elementor-post-type=\"page\">\n\t\t\t\t\t\t<section class=\"elementor-section elementor-top-section elementor-element elementor-element-2130c13 elementor-section-content-top elementor-section-boxed elementor-section-height-default elementor-section-height-default\" data-id=\"2130c13\" data-element_type=\"section\">\n\t\t\t\t\t\t<div class=\"elementor-container elementor-column-gap-wider\">\n\t\t\t\t\t<div class=\"elementor-column elementor-col-50 elementor-top-column elementor-element elementor-element-139a4a9\" data-id=\"139a4a9\" data-element_type=\"column\">\n\t\t\t<div class=\"elementor-widget-wrap elementor-element-populated\">\n\t\t\t\t\t\t<section class=\"elementor-section elementor-inner-section elementor-element elementor-element-7a12c69 sticky-column elementor-section-boxed elementor-section-height-default elementor-section-height-default\" data-id=\"7a12c69\" data-element_type=\"section\">\n\t\t\t\t\t\t<div class=\"elementor-container elementor-column-gap-default\">\n\t\t\t\t\t<div class=\"elementor-column elementor-col-100 elementor-inner-column elementor-element elementor-element-5d155a6\" data-id=\"5d155a6\" data-element_type=\"column\">\n\t\t\t<div class=\"elementor-widget-wrap elementor-element-populated\">\n\t\t\t\t\t\t<div class=\"elementor-element elementor-element-c5d449c elementor-widget elementor-widget-image\" data-id=\"c5d449c\" data-element_type=\"widget\" data-widget_type=\"image.default\">\n\t\t\t\t<div class=\"elementor-widget-container\">\n\t\t\t\t\t\t\t\t\t\t\t\t\t<img fetchpriority=\"high\" decoding=\"async\" width=\"1024\" height=\"1024\" src=\"https:\/\/festivalficcion.com\/ediciones-anteriores\/wp-content\/uploads\/2019\/05\/Cartel-8\u00ba-Ficee_festhome-1024x1024.jpg\" class=\"attachment-large size-large wp-image-68\" alt=\"\" srcset=\"https:\/\/festivalficcion.com\/ediciones-anteriores\/wp-content\/uploads\/2019\/05\/Cartel-8\u00ba-Ficee_festhome-1024x1024.jpg 1024w, https:\/\/festivalficcion.com\/ediciones-anteriores\/wp-content\/uploads\/2019\/05\/Cartel-8\u00ba-Ficee_festhome-1024x1024-150x150.jpg 150w, https:\/\/festivalficcion.com\/ediciones-anteriores\/wp-content\/uploads\/2019\/05\/Cartel-8\u00ba-Ficee_festhome-1024x1024-300x300.jpg 300w, https:\/\/festivalficcion.com\/ediciones-anteriores\/wp-content\/uploads\/2019\/05\/Cartel-8\u00ba-Ficee_festhome-1024x1024-768x768.jpg 768w\" sizes=\"(max-width: 1024px) 100vw, 1024px\" \/>\t\t\t\t\t\t\t\t\t\t\t\t\t<\/div>\n\t\t\t\t<\/div>\n\t\t\t\t\t<\/div>\n\t\t<\/div>\n\t\t\t\t\t<\/div>\n\t\t<\/section>\n\t\t\t\t\t<\/div>\n\t\t<\/div>\n\t\t\t\t<div class=\"elementor-column elementor-col-50 elementor-top-column elementor-element elementor-element-5b958d8\" data-id=\"5b958d8\" data-element_type=\"column\">\n\t\t\t<div class=\"elementor-widget-wrap elementor-element-populated\">\n\t\t\t\t\t\t<div class=\"elementor-element elementor-element-3022f35 elementor-widget elementor-widget-text-editor\" data-id=\"3022f35\" data-element_type=\"widget\" data-widget_type=\"text-editor.default\">\n\t\t\t\t<div class=\"elementor-widget-container\">\n\t\t\t\t\t\t\t<p>El jurado del Festival de Ciudad Rodrigo ha otorgado los siguientes premios de entre los 28 trabajos que compet\u00edan en la secci\u00f3n oficial.<\/p><p>PREMIOS 7 TAU 2018:<\/p><ul><li>Mejor cortometraje de ficci\u00f3n:\u00a0<strong>THE DEPARTURE<\/strong><\/li><li>Mejor documental:\u00a0<strong>ALTO EL FUEGO<\/strong><\/li><li>Mejor pel\u00edcula de animaci\u00f3n:\u00a0<strong>ALPHABET\u00a0<\/strong><\/li><li>Mejor direcci\u00f3n:\u00a0<strong>MILAN BATH<\/strong>\u00a0por The Departure<\/li><li>Mejor interpretaci\u00f3n:\u00a0<strong>TXEMA BLASCO<\/strong>\u00a0por Julia Y Manuel<\/li><li>Mejor fotograf\u00eda:\u00a0<strong>ANDR\u00c9 STAHLMANN<\/strong>\u00a0y\u00a0\u00a0<strong>MARVIN KLCKE<\/strong>\u00a0por The Departure<\/li><li>Mejor montaje:\u00a0<strong>FRANK GUTI\u00c9RREZ<\/strong> por Caronte<\/li><li>Mejor BSO:\u00a0<strong style=\"font-size: 16px;\">AMIR HEDAYAH<\/strong><span style=\"font-size: 16px;\"> por The Telephone<\/span><\/li><\/ul><p><br \/>PREMIOS Y MENCIONES ESPECIALES<\/p><ul><li>Premio especial\u00a0<strong>\u201cDENIS RAFTER\u201d<\/strong>: AEHAM AHMAD por The Pianist Of Yarmouk<\/li><li>Premio especial del p\u00fablico:\u00a0<strong>JULIA Y MANUEL<\/strong>, de I\u00f1aki S\u00e1nchez Arrieta. Espa\u00f1a<\/li><li>Premio especial SIGNIS Espa\u00f1a:\u00a0<strong>THE TELEPHONE<\/strong><\/li><li>Menciones Especiales del P\u00fablico Escolar:<\/li><\/ul><p>Cursos de Primaria:<strong>\u00a0El AMERICANO\u00a0<\/strong><\/p><p>Cursos de Secundaria y 1\u00ba de Bachillerato: <strong>DISTINTOS<\/strong><\/p><ul><li><span style=\"font-size: 16px;\">Menci\u00f3n especial SIGNIS:\u00a0<\/span><strong style=\"font-size: 16px;\">WITH MY OWN TWO HANDS<\/strong><\/li><\/ul>\t\t\t\t\t\t<\/div>\n\t\t\t\t<\/div>\n\t\t\t\t\t<\/div>\n\t\t<\/div>\n\t\t\t\t\t<\/div>\n\t\t<\/section>\n\t\t\t\t<\/div>\n\t\t","protected":false},"excerpt":{"rendered":"<p>El jurado del Festival de Ciudad Rodrigo ha otorgado los siguientes premios de entre los 28 trabajos que compet\u00edan en la secci\u00f3n oficial. PREMIOS 7 TAU 2018: Mejor cortometraje de ficci\u00f3n:\u00a0THE DEPARTURE Mejor documental:\u00a0ALTO EL FUEGO Mejor pel\u00edcula de animaci\u00f3n:\u00a0ALPHABET\u00a0 Mejor direcci\u00f3n:\u00a0MILAN BATH\u00a0por The Departure Mejor interpretaci\u00f3n:\u00a0TXEMA BLASCO\u00a0por Julia Y Manuel Mejor fotograf\u00eda:\u00a0ANDR\u00c9 STAHLMANN\u00a0y\u00a0\u00a0MARVIN KLCKE\u00a0por [&hellip;]<\/p>\n","protected":false},"author":1,"featured_media":0,"parent":15,"menu_order":0,"comment_status":"closed","ping_status":"closed","template":"","meta":{"site-sidebar-layout":"no-sidebar","site-content-layout":"page-builder","ast-site-content-layout":"","site-content-style":"default","site-sidebar-style":"default","ast-global-header-display":"","ast-banner-title-visibility":"","ast-main-header-display":"","ast-hfb-above-header-display":"","ast-hfb-below-header-display":"","ast-hfb-mobile-header-display":"","site-post-title":"disabled","ast-breadcrumbs-content":"","ast-featured-img":"disabled","footer-sml-layout":"","theme-transparent-header-meta":"default","adv-header-id-meta":"","stick-header-meta":"","header-above-stick-meta":"","header-main-stick-meta":"","header-below-stick-meta":"","astra-migrate-meta-layouts":"default","ast-page-background-enabled":"default","ast-page-background-meta":{"desktop":{"background-color":"var(--ast-global-color-4)","background-image":"","background-repeat":"repeat","background-position":"center center","background-size":"auto","background-attachment":"scroll","background-type":"","background-media":"","overlay-type":"","overlay-color":"","overlay-gradient":""},"tablet":{"background-color":"","background-image":"","background-repeat":"repeat","background-position":"center center","background-size":"auto","background-attachment":"scroll","background-type":"","background-media":"","overlay-type":"","overlay-color":"","overlay-gradient":""},"mobile":{"background-color":"","background-image":"","background-repeat":"repeat","background-position":"center center","background-size":"auto","background-attachment":"scroll","background-type":"","background-media":"","overlay-type":"","overlay-color":"","overlay-gradient":""}},"ast-content-background-meta":{"desktop":{"background-color":"var(--ast-global-color-5)","background-image":"","background-repeat":"repeat","background-position":"center center","background-size":"auto","background-attachment":"scroll","background-type":"","background-media":"","overlay-type":"","overlay-color":"","overlay-gradient":""},"tablet":{"background-color":"var(--ast-global-color-5)","background-image":"","background-repeat":"repeat","background-position":"center center","background-size":"auto","background-attachment":"scroll","background-type":"","background-media":"","overlay-type":"","overlay-color":"","overlay-gradient":""},"mobile":{"background-color":"var(--ast-global-color-5)","background-image":"","background-repeat":"repeat","background-position":"center center","background-size":"auto","background-attachment":"scroll","background-type":"","background-media":"","overlay-type":"","overlay-color":"","overlay-gradient":""}},"footnotes":""},"_links":{"self":[{"href":"https:\/\/festivalficcion.com\/ediciones-anteriores\/wp-json\/wp\/v2\/pages\/17"}],"collection":[{"href":"https:\/\/festivalficcion.com\/ediciones-anteriores\/wp-json\/wp\/v2\/pages"}],"about":[{"href":"https:\/\/festivalficcion.com\/ediciones-anteriores\/wp-json\/wp\/v2\/types\/page"}],"author":[{"embeddable":true,"href":"https:\/\/festivalficcion.com\/ediciones-anteriores\/wp-json\/wp\/v2\/users\/1"}],"replies":[{"embeddable":true,"href":"https:\/\/festivalficcion.com\/ediciones-anteriores\/wp-json\/wp\/v2\/comments?post=17"}],"version-history":[{"count":5,"href":"https:\/\/festivalficcion.com\/ediciones-anteriores\/wp-json\/wp\/v2\/pages\/17\/revisions"}],"predecessor-version":[{"id":986,"href":"https:\/\/festivalficcion.com\/ediciones-anteriores\/wp-json\/wp\/v2\/pages\/17\/revisions\/986"}],"up":[{"embeddable":true,"href":"https:\/\/festivalficcion.com\/ediciones-anteriores\/wp-json\/wp\/v2\/pages\/15"}],"wp:attachment":[{"href":"https:\/\/festivalficcion.com\/ediciones-anteriores\/wp-json\/wp\/v2\/media?parent=17"}],"curies":[{"name":"wp","href":"https:\/\/api.w.org\/{rel}","templated":true}]}}